{"id":12,"date":"2026-04-03T14:06:28","date_gmt":"2026-04-03T14:06:28","guid":{"rendered":"https:\/\/test.noveramedia.com\/sepet\/"},"modified":"2026-04-06T14:22:23","modified_gmt":"2026-04-06T14:22:23","slug":"sepet","status":"publish","type":"page","link":"https:\/\/test.noveramedia.com\/en\/sepet\/","title":{"rendered":"Basket"},"content":{"rendered":"<div data-elementor-type=\"wp-page\" data-elementor-id=\"12\" class=\"elementor elementor-12\" data-elementor-post-type=\"page\">\n\t\t\t\t<div class=\"elementor-element elementor-element-737d1ca e-con-full e-flex e-con e-parent\" data-id=\"737d1ca\" data-element_type=\"container\" data-e-type=\"container\">\n\t\t\t\t<div class=\"elementor-element elementor-element-0fc94aa elementor-widget elementor-widget-shortcode\" data-id=\"0fc94aa\" data-element_type=\"widget\" data-e-type=\"widget\" data-widget_type=\"shortcode.default\">\n\t\t\t\t\t\t\t<div class=\"elementor-shortcode\">        <section class=\"mcc-template-shell mcc-commerce-shell\">\n            <header class=\"mcc-archive-hero\">\n                <div class=\"mcc-archive-hero__content\">\n                                            <p class=\"mcc-archive-hero__eyebrow\">Sipari\u015finizi tamamlamadan \u00f6nce \u00fcr\u00fcnlerinizi g\u00f6zden ge\u00e7irin.<\/p>\n                                        <h1 class=\"mcc-archive-hero__title\">Sepetim<\/h1>\n                <\/div>\n            <\/header>\n\n            <div class=\"mcc-commerce-card mcc-commerce-card--cart\">\n                            <\/div>\n        <\/section>\n        <\/div>\n\t\t\t\t\t\t<\/div>\n\t\t\t\t<\/div>\n\t\t\t\t<\/div>","protected":false},"excerpt":{"rendered":"","protected":false},"author":1,"featured_media":0,"parent":0,"menu_order":0,"comment_status":"closed","ping_status":"closed","template":"elementor_header_footer","meta":{"footnotes":""},"class_list":["post-12","page","type-page","status-publish","hentry"],"_links":{"self":[{"href":"https:\/\/test.noveramedia.com\/en\/wp-json\/wp\/v2\/pages\/12","targetHints":{"allow":["GET"]}}],"collection":[{"href":"https:\/\/test.noveramedia.com\/en\/wp-json\/wp\/v2\/pages"}],"about":[{"href":"https:\/\/test.noveramedia.com\/en\/wp-json\/wp\/v2\/types\/page"}],"author":[{"embeddable":true,"href":"https:\/\/test.noveramedia.com\/en\/wp-json\/wp\/v2\/users\/1"}],"replies":[{"embeddable":true,"href":"https:\/\/test.noveramedia.com\/en\/wp-json\/wp\/v2\/comments?post=12"}],"version-history":[{"count":4,"href":"https:\/\/test.noveramedia.com\/en\/wp-json\/wp\/v2\/pages\/12\/revisions"}],"predecessor-version":[{"id":356,"href":"https:\/\/test.noveramedia.com\/en\/wp-json\/wp\/v2\/pages\/12\/revisions\/356"}],"wp:attachment":[{"href":"https:\/\/test.noveramedia.com\/en\/wp-json\/wp\/v2\/media?parent=12"}],"curies":[{"name":"wp","href":"https:\/\/api.w.org\/{rel}","templated":true}]}}